{"id":1001705,"date":"2025-10-19T00:15:35","date_gmt":"2025-10-18T23:15:35","guid":{"rendered":"https:\/\/ecoferti.dz\/?post_type=product&#038;p=1001705"},"modified":"2025-10-19T00:18:18","modified_gmt":"2025-10-18T23:18:18","slug":"high-calbor-extra","status":"publish","type":"product","link":"https:\/\/ecoferti.dz\/en\/product\/high-calbor-extra\/","title":{"rendered":"High Calbor Extra"},"content":{"rendered":"<h3><strong>CARACT\u00c9RISTIQUES<\/strong><\/h3>\n<div class=\"t m0 xd h10 y23 ff4 fs7 fc0 sc0 ls4 ws2\">Une formulation en poudre hydrosoluble, haute richesse en calcium et en bore, pr\u00e9vient ou corrige efficacement les carences du calcium et bore, am\u00e9liore la formation des fleurs et des fruits et am\u00e9liore la sant\u00e9 globale des plantes.<\/div>\n<div><\/div>","protected":false},"excerpt":{"rendered":"<p>CARACT\u00c9RISTIQUES Une formulation en poudre hydrosoluble, haute richesse en calcium et en bore, pr\u00e9vient ou corrige efficacement les carences du calcium et bore, am\u00e9liore la formation des fleurs et des fruits et am\u00e9liore la sant\u00e9 globale des plantes.<\/p>","protected":false},"featured_media":1001700,"comment_status":"open","ping_status":"closed","template":"","meta":[],"pwb-brand":[],"product_cat":[161],"product_tag":[],"class_list":{"0":"post-1001705","1":"product","2":"type-product","3":"status-publish","4":"has-post-thumbnail","6":"product_cat-produits-phytosanitaires","8":"first","9":"instock","10":"shipping-taxable","11":"product-type-simple"},"brands":[],"_links":{"self":[{"href":"https:\/\/ecoferti.dz\/en\/wp-json\/wp\/v2\/product\/1001705"}],"collection":[{"href":"https:\/\/ecoferti.dz\/en\/wp-json\/wp\/v2\/product"}],"about":[{"href":"https:\/\/ecoferti.dz\/en\/wp-json\/wp\/v2\/types\/product"}],"replies":[{"embeddable":true,"href":"https:\/\/ecoferti.dz\/en\/wp-json\/wp\/v2\/comments?post=1001705"}],"wp:featuredmedia":[{"embeddable":true,"href":"https:\/\/ecoferti.dz\/en\/wp-json\/wp\/v2\/media\/1001700"}],"wp:attachment":[{"href":"https:\/\/ecoferti.dz\/en\/wp-json\/wp\/v2\/media?parent=1001705"}],"wp:term":[{"taxonomy":"pwb-brand","embeddable":true,"href":"https:\/\/ecoferti.dz\/en\/wp-json\/wp\/v2\/pwb-brand?post=1001705"},{"taxonomy":"product_cat","embeddable":true,"href":"https:\/\/ecoferti.dz\/en\/wp-json\/wp\/v2\/product_cat?post=1001705"},{"taxonomy":"product_tag","embeddable":true,"href":"https:\/\/ecoferti.dz\/en\/wp-json\/wp\/v2\/product_tag?post=1001705"}],"curies":[{"name":"wp","href":"https:\/\/api.w.org\/{rel}","templated":true}]}}