{"id":1001693,"date":"2025-10-18T22:32:53","date_gmt":"2025-10-18T21:32:53","guid":{"rendered":"https:\/\/ecoferti.dz\/?post_type=product&#038;p=1001693"},"modified":"2025-10-18T22:45:47","modified_gmt":"2025-10-18T21:45:47","slug":"eco-orgamine","status":"publish","type":"product","link":"https:\/\/ecoferti.dz\/ar\/product\/eco-orgamine\/","title":{"rendered":"ECO ORGAMINE"},"content":{"rendered":"<h3><strong>CARACT\u00c9RISTIQUES<\/strong><\/h3>\n<div class=\"t m0 xd h10 y23 ff4 fs7 fc0 sc0 ls4 ws2\">\n<p><em><strong>ECO ORGAMINE<\/strong><\/em> est un compos\u00e9 polym\u00e8re organique (OPC) riche en glycine et b\u00e9ta\u00efne, qui contribue \u00e0 l\u2019\u00e9quilibre \u00e9cologique.<br \/>\n<em><strong>ECO ORGAMINE<\/strong><\/em> augmente la capacit\u00e9 de r\u00e9tention d\u2019eau, am\u00e9liore la structure du sol, favorise le d\u00e9veloppement et l\u2019activit\u00e9 des micro-organismes, la respiration des racines et stimule l\u2019enracinement ainsi que la croissance des plantes et des fruits.<\/p>\n<\/div>\n<div><\/div>","protected":false},"excerpt":{"rendered":"<p>CARACT\u00c9RISTIQUES ECO ORGAMINE est un compos\u00e9 polym\u00e8re organique (OPC) riche en glycine et b\u00e9ta\u00efne, qui contribue \u00e0 l\u2019\u00e9quilibre \u00e9cologique. ECO ORGAMINE augmente la capacit\u00e9 de r\u00e9tention d\u2019eau, am\u00e9liore la structure du sol, favorise le d\u00e9veloppement et l\u2019activit\u00e9 des micro-organismes, la respiration des racines et stimule l\u2019enracinement ainsi que la croissance des plantes et des fruits.<\/p>","protected":false},"featured_media":1001677,"comment_status":"open","ping_status":"closed","template":"","meta":[],"pwb-brand":[],"product_cat":[160],"product_tag":[],"class_list":{"0":"post-1001693","1":"product","2":"type-product","3":"status-publish","4":"has-post-thumbnail","6":"product_cat-biostimulants-et-engrais","8":"first","9":"instock","10":"downloadable","11":"shipping-taxable","12":"product-type-simple"},"brands":[],"_links":{"self":[{"href":"https:\/\/ecoferti.dz\/ar\/wp-json\/wp\/v2\/product\/1001693"}],"collection":[{"href":"https:\/\/ecoferti.dz\/ar\/wp-json\/wp\/v2\/product"}],"about":[{"href":"https:\/\/ecoferti.dz\/ar\/wp-json\/wp\/v2\/types\/product"}],"replies":[{"embeddable":true,"href":"https:\/\/ecoferti.dz\/ar\/wp-json\/wp\/v2\/comments?post=1001693"}],"wp:featuredmedia":[{"embeddable":true,"href":"https:\/\/ecoferti.dz\/ar\/wp-json\/wp\/v2\/media\/1001677"}],"wp:attachment":[{"href":"https:\/\/ecoferti.dz\/ar\/wp-json\/wp\/v2\/media?parent=1001693"}],"wp:term":[{"taxonomy":"pwb-brand","embeddable":true,"href":"https:\/\/ecoferti.dz\/ar\/wp-json\/wp\/v2\/pwb-brand?post=1001693"},{"taxonomy":"product_cat","embeddable":true,"href":"https:\/\/ecoferti.dz\/ar\/wp-json\/wp\/v2\/product_cat?post=1001693"},{"taxonomy":"product_tag","embeddable":true,"href":"https:\/\/ecoferti.dz\/ar\/wp-json\/wp\/v2\/product_tag?post=1001693"}],"curies":[{"name":"wp","href":"https:\/\/api.w.org\/{rel}","templated":true}]}}