{"id":1001691,"date":"2025-10-18T20:47:29","date_gmt":"2025-10-18T19:47:29","guid":{"rendered":"https:\/\/ecoferti.dz\/?post_type=product&#038;p=1001691"},"modified":"2025-10-18T20:53:52","modified_gmt":"2025-10-18T19:53:52","slug":"eco-mix-combo","status":"publish","type":"product","link":"https:\/\/ecoferti.dz\/ar\/product\/eco-mix-combo\/","title":{"rendered":"ECO MIX COMBO"},"content":{"rendered":"<h3><strong>CARACT\u00c9RISTIQUES<\/strong><\/h3>\n<div class=\"t m0 xd h10 y23 ff4 fs7 fc0 sc0 ls4 ws2\">\n<p><em><strong>ECO MIX COMBO<\/strong><\/em> est une formulation en poudre de micronutriments ch\u00e9lates sous forme min\u00e9rale.<\/p>\n<p>Il est facilement absorb\u00e9 par les feuilles et les racines.<br \/>\nGr\u00e2ce \u00e0 sa formulation sp\u00e9ciale, la plante prend la mol\u00e9cule ch\u00e9late un ion m\u00e9tallique et est absorb\u00e9 par la plante, de sorte que le rendement est tr\u00e8s \u00e9lev\u00e9.<\/p>\n<\/div>\n<div><\/div>","protected":false},"excerpt":{"rendered":"<p>CARACT\u00c9RISTIQUES ECO MIX COMBO est une formulation en poudre de micronutriments ch\u00e9lates sous forme min\u00e9rale. Il est facilement absorb\u00e9 par les feuilles et les racines. Gr\u00e2ce \u00e0 sa formulation sp\u00e9ciale, la plante prend la mol\u00e9cule ch\u00e9late un ion m\u00e9tallique et est absorb\u00e9 par la plante, de sorte que le rendement est tr\u00e8s \u00e9lev\u00e9.<\/p>","protected":false},"featured_media":1001678,"comment_status":"open","ping_status":"closed","template":"","meta":[],"pwb-brand":[],"product_cat":[160],"product_tag":[],"class_list":{"0":"post-1001691","1":"product","2":"type-product","3":"status-publish","4":"has-post-thumbnail","6":"product_cat-biostimulants-et-engrais","8":"first","9":"instock","10":"downloadable","11":"shipping-taxable","12":"product-type-simple"},"brands":[],"_links":{"self":[{"href":"https:\/\/ecoferti.dz\/ar\/wp-json\/wp\/v2\/product\/1001691"}],"collection":[{"href":"https:\/\/ecoferti.dz\/ar\/wp-json\/wp\/v2\/product"}],"about":[{"href":"https:\/\/ecoferti.dz\/ar\/wp-json\/wp\/v2\/types\/product"}],"replies":[{"embeddable":true,"href":"https:\/\/ecoferti.dz\/ar\/wp-json\/wp\/v2\/comments?post=1001691"}],"wp:featuredmedia":[{"embeddable":true,"href":"https:\/\/ecoferti.dz\/ar\/wp-json\/wp\/v2\/media\/1001678"}],"wp:attachment":[{"href":"https:\/\/ecoferti.dz\/ar\/wp-json\/wp\/v2\/media?parent=1001691"}],"wp:term":[{"taxonomy":"pwb-brand","embeddable":true,"href":"https:\/\/ecoferti.dz\/ar\/wp-json\/wp\/v2\/pwb-brand?post=1001691"},{"taxonomy":"product_cat","embeddable":true,"href":"https:\/\/ecoferti.dz\/ar\/wp-json\/wp\/v2\/product_cat?post=1001691"},{"taxonomy":"product_tag","embeddable":true,"href":"https:\/\/ecoferti.dz\/ar\/wp-json\/wp\/v2\/product_tag?post=1001691"}],"curies":[{"name":"wp","href":"https:\/\/api.w.org\/{rel}","templated":true}]}}