{"id":1001683,"date":"2025-10-18T18:27:56","date_gmt":"2025-10-18T17:27:56","guid":{"rendered":"https:\/\/ecoferti.dz\/?post_type=product&#038;p=1001683"},"modified":"2025-10-18T19:06:35","modified_gmt":"2025-10-18T18:06:35","slug":"eco-alga","status":"publish","type":"product","link":"https:\/\/ecoferti.dz\/ar\/product\/eco-alga\/","title":{"rendered":"ECO ALGA"},"content":{"rendered":"<h3><strong>CARACT\u00c9RISTIQUES<\/strong><\/h3>\n<div class=\"t m0 xd h10 y23 ff4 fs7 fc0 sc0 ls4 ws2\">\n<p><em><strong>ECO ALGA<\/strong><\/em> c\u2019est un activateur de processus biologiques riche en acides amin\u00e9s libres facilement assimilables par la plante et extrait d\u00b4algue, offrant \u00e0 la culture une plus grande r\u00e9sistance aux \u00e9ventuels cas de stress.<\/p>\n<p>Convient pour les processus de caillage, coloration, engraissement et pour augmenter la teneur en sucre.<\/p>\n<\/div>\n<div><\/div>","protected":false},"excerpt":{"rendered":"<p>CARACT\u00c9RISTIQUES ECO ALGA c\u2019est un activateur de processus biologiques riche en acides amin\u00e9s libres facilement assimilables par la plante et extrait d\u00b4algue, offrant \u00e0 la culture une plus grande r\u00e9sistance aux \u00e9ventuels cas de stress. Convient pour les processus de caillage, coloration, engraissement et pour augmenter la teneur en sucre.<\/p>","protected":false},"featured_media":1001688,"comment_status":"open","ping_status":"closed","template":"","meta":[],"pwb-brand":[],"product_cat":[160],"product_tag":[],"class_list":{"0":"post-1001683","1":"product","2":"type-product","3":"status-publish","4":"has-post-thumbnail","6":"product_cat-biostimulants-et-engrais","8":"first","9":"instock","10":"downloadable","11":"shipping-taxable","12":"product-type-simple"},"brands":[],"_links":{"self":[{"href":"https:\/\/ecoferti.dz\/ar\/wp-json\/wp\/v2\/product\/1001683"}],"collection":[{"href":"https:\/\/ecoferti.dz\/ar\/wp-json\/wp\/v2\/product"}],"about":[{"href":"https:\/\/ecoferti.dz\/ar\/wp-json\/wp\/v2\/types\/product"}],"replies":[{"embeddable":true,"href":"https:\/\/ecoferti.dz\/ar\/wp-json\/wp\/v2\/comments?post=1001683"}],"wp:featuredmedia":[{"embeddable":true,"href":"https:\/\/ecoferti.dz\/ar\/wp-json\/wp\/v2\/media\/1001688"}],"wp:attachment":[{"href":"https:\/\/ecoferti.dz\/ar\/wp-json\/wp\/v2\/media?parent=1001683"}],"wp:term":[{"taxonomy":"pwb-brand","embeddable":true,"href":"https:\/\/ecoferti.dz\/ar\/wp-json\/wp\/v2\/pwb-brand?post=1001683"},{"taxonomy":"product_cat","embeddable":true,"href":"https:\/\/ecoferti.dz\/ar\/wp-json\/wp\/v2\/product_cat?post=1001683"},{"taxonomy":"product_tag","embeddable":true,"href":"https:\/\/ecoferti.dz\/ar\/wp-json\/wp\/v2\/product_tag?post=1001683"}],"curies":[{"name":"wp","href":"https:\/\/api.w.org\/{rel}","templated":true}]}}