{"id":1000306,"date":"2018-12-22T22:29:57","date_gmt":"2018-12-22T21:29:57","guid":{"rendered":"http:\/\/elfirdaws-alu.com\/?page_id=1000306"},"modified":"2024-10-09T01:20:38","modified_gmt":"2024-10-09T00:20:38","slug":"presentation","status":"publish","type":"page","link":"https:\/\/ecoferti.dz\/ar\/presentation\/","title":{"rendered":"\u0639\u0646 \u0634\u0631\u0643\u062a\u0646\u0627"},"content":{"rendered":"<div class=\"wpb-content-wrapper\"><div class=\"container dt-container\"><div class=\"vc_row wpb_row vc_row-fluid vc_custom_1704418969677\"><div class=\"inner-flex\">\n\t<div class=\"wpb_column vc_column_container vc_col-sm-12\">\n\t\t<div class=\"vc_column-inner\">\n\t\t\t<div class=\"wpb_wrapper\">\n\t\t\t\t<div class=\"vc_row wpb_row vc_inner vc_row-fluid\"><div class=\"wpb_column vc_column_container vc_col-sm-2\"><div class=\"vc_column-inner\"><div class=\"wpb_wrapper\"><\/div><\/div><\/div><div class=\"wpb_column vc_column_container vc_col-sm-8\"><div class=\"vc_column-inner\"><div class=\"wpb_wrapper\"><div class=\"vc_empty_space\"   style=\"height: 150px\"><span class=\"vc_empty_space_inner\"><\/span><\/div><div id=\"section-1-1778440542\" class=\"dt-section-head center size-default\">\r\n        <div class=\"dt-section-container\"><h1 class=\"section-main-title section-heading-thin-border thin-center\" style=\"color:#35495d\">\r\n            \u0627\u0633\u062a\u064a\u0631\u0627\u062f \u0648\u062a\u0635\u0646\u064a\u0639 \u0627\u0644\u0645\u0646\u062a\u062c\u0627\u062a \u0644\u0644\u0627\u0633\u062a\u062e\u062f\u0627\u0645 \u0627\u0644\u0632\u0631\u0627\u0639\u064a\r\n        <\/h1><\/div><\/div>\n\t<div class=\"wpb_text_column wpb_content_element\">\n\t\t<div class=\"wpb_wrapper\">\n\t\t\t<p style=\"text-align: center;\" class=\" translation-block\">\u064a\u062f\u0639\u0648\u0643 <strong><em>SARL ECO FERTI <\/em><\/strong> \u0644\u0627\u0643\u062a\u0634\u0627\u0641 \u0645\u062c\u0645\u0648\u0639\u0629 \u0645\u062a\u0646\u0648\u0639\u0629 \u0645\u0646 <b>\u0627\u0644\u0645\u0646\u0634\u0637\u0627\u062a \u0627\u0644\u062d\u064a\u0648\u064a\u0629 \u0648\u0627\u0644\u0623\u0633\u0645\u062f\u0629\u060c \u0648\u0645\u0646\u062a\u062c\u0627\u062a \u0627\u0644\u0635\u062d\u0629 \u0627\u0644\u0646\u0628\u0627\u062a\u064a\u0629\u060c \u0648\u0627\u0644\u0628\u0630\u0648\u0631\u060c <\/b>\u0641\u0636\u0644\u064b\u0627 \u0639\u0646<b> \u0627\u0644\u0623\u062f\u0648\u0627\u062a \u0627\u0644\u0632\u0631\u0627\u0639\u064a\u0629 \u0648 \u0627\u0644\u0645\u0639\u062f\u0627\u062a <b>, <\/b><br>\n<\/b> \u0633\u064a\u062a\u0645 \u062a\u0642\u062f\u064a\u0645 \u0645\u0646\u062a\u062c\u0627\u062a \u0648\u0623\u0646\u0648\u0627\u0639 \u0645\u062e\u062a\u0644\u0641\u0629 \u0644\u0643 \u0628\u0623\u0641\u0636\u0644 <b> \u0646\u0633\u0628\u0629 \u0627\u0644\u062c\u0648\u062f\u0629 \/\u0627\u0644\u0633\u0639\u0631<\/b>\u0641\u064a \u0627\u0644\u0633\u0648\u0642.<\/p>\n\n\t\t<\/div> \n\t<\/div> <\/div><\/div><\/div><div class=\"wpb_column vc_column_container vc_col-sm-2\"><div class=\"vc_column-inner\"><div class=\"wpb_wrapper\"><\/div><\/div><\/div><\/div><div id=\"photo-cartons\" class=\"vc_row wpb_row vc_inner vc_row-fluid vc_custom_1728175741675\"><div class=\"wpb_column vc_column_container vc_col-sm-6\"><div class=\"vc_column-inner\"><div class=\"wpb_wrapper\"><\/div><\/div><\/div><div class=\"wpb_column vc_column_container vc_col-sm-6\"><div class=\"vc_column-inner\"><div class=\"wpb_wrapper\">\n    <div class=\"wpb_single_image wpb_content_element vc_align_left\">\n        <div class=\"wpb_wrapper\">\n            \n            <div class=\"vc_single_image-wrapper   vc_box_border_grey\"><img loading=\"lazy\" decoding=\"async\" width=\"1000\" height=\"750\" src=\"https:\/\/ecoferti.dz\/wp-content\/uploads\/2024\/10\/eco-ferti-engrais.png\" class=\"vc_single_image-img attachment-large\" alt=\"\" title=\"eco-ferti-engrais\" srcset=\"https:\/\/ecoferti.dz\/wp-content\/uploads\/2024\/10\/eco-ferti-engrais.png 1000w, https:\/\/ecoferti.dz\/wp-content\/uploads\/2024\/10\/eco-ferti-engrais-300x225.png 300w, https:\/\/ecoferti.dz\/wp-content\/uploads\/2024\/10\/eco-ferti-engrais-768x576.png 768w, https:\/\/ecoferti.dz\/wp-content\/uploads\/2024\/10\/eco-ferti-engrais-500x375.png 500w, https:\/\/ecoferti.dz\/wp-content\/uploads\/2024\/10\/eco-ferti-engrais-800x600.png 800w, https:\/\/ecoferti.dz\/wp-content\/uploads\/2024\/10\/eco-ferti-engrais-850x638.png 850w\" sizes=\"(max-width: 1000px) 100vw, 1000px\" \/><\/div>\n        <\/div>\n    <\/div>\n<\/div><\/div><\/div><\/div>\n\t\t\t<\/div>\n\t\t<\/div>\n\t<\/div><\/div><\/div><\/div><div class=\"nk-awb  nk-awb-after-vc_row\" ><div class=\"nk-awb-wrap\" data-awb-type=\"image\" data-awb-image-background-size=\"fill\" data-awb-image-background-position=\"50% 50%\" data-awb-parallax=\"scroll\" data-awb-parallax-speed=\"0.5\" data-awb-parallax-mobile=\"false\" data-awb-mouse-parallax-size=\"30\" data-awb-mouse-parallax-speed=\"10000\"><div  class=\"nk-awb-inner\"><img loading=\"lazy\" decoding=\"async\" width=\"3570\" height=\"1778\" src=\"https:\/\/ecoferti.dz\/wp-content\/uploads\/2024\/01\/profilo-metal-profiles-07-3301jjjjjj-01-01-01-01.png\" class=\"jarallax-img\" alt=\"\" style=\"object-position: 50% 50%;\" srcset=\"https:\/\/ecoferti.dz\/wp-content\/uploads\/2024\/01\/profilo-metal-profiles-07-3301jjjjjj-01-01-01-01.png 3570w, https:\/\/ecoferti.dz\/wp-content\/uploads\/2024\/01\/profilo-metal-profiles-07-3301jjjjjj-01-01-01-01-300x149.png 300w, https:\/\/ecoferti.dz\/wp-content\/uploads\/2024\/01\/profilo-metal-profiles-07-3301jjjjjj-01-01-01-01-1024x510.png 1024w, https:\/\/ecoferti.dz\/wp-content\/uploads\/2024\/01\/profilo-metal-profiles-07-3301jjjjjj-01-01-01-01-768x382.png 768w, https:\/\/ecoferti.dz\/wp-content\/uploads\/2024\/01\/profilo-metal-profiles-07-3301jjjjjj-01-01-01-01-1536x765.png 1536w, https:\/\/ecoferti.dz\/wp-content\/uploads\/2024\/01\/profilo-metal-profiles-07-3301jjjjjj-01-01-01-01-2048x1020.png 2048w, https:\/\/ecoferti.dz\/wp-content\/uploads\/2024\/01\/profilo-metal-profiles-07-3301jjjjjj-01-01-01-01-500x249.png 500w, https:\/\/ecoferti.dz\/wp-content\/uploads\/2024\/01\/profilo-metal-profiles-07-3301jjjjjj-01-01-01-01-800x398.png 800w, https:\/\/ecoferti.dz\/wp-content\/uploads\/2024\/01\/profilo-metal-profiles-07-3301jjjjjj-01-01-01-01-1280x637.png 1280w, https:\/\/ecoferti.dz\/wp-content\/uploads\/2024\/01\/profilo-metal-profiles-07-3301jjjjjj-01-01-01-01-1920x956.png 1920w, https:\/\/ecoferti.dz\/wp-content\/uploads\/2024\/01\/profilo-metal-profiles-07-3301jjjjjj-01-01-01-01-850x423.png 850w, https:\/\/ecoferti.dz\/wp-content\/uploads\/2024\/01\/profilo-metal-profiles-07-3301jjjjjj-01-01-01-01-1000x498.png 1000w\" sizes=\"(max-width: 3570px) 100vw, 3570px\" \/><\/div><\/div><\/div><div class=\"box-container vc_row wpb_row vc_row-fluid vc_custom_1728244784847\" data-speed=\"2\" data-type=\"background\" ><div class=\"container dt-container\"><div class=\"inner-flex\">\n\t<div class=\"wpb_column vc_column_container vc_col-sm-4\">\n\t\t<div class=\"vc_column-inner\">\n\t\t\t<div class=\"wpb_wrapper\">\n\t\t\t\t\n\t\t\t<\/div>\n\t\t<\/div>\n\t<\/div>\n\t<div class=\"wpb_column vc_column_container vc_col-sm-8\">\n\t\t<div class=\"vc_column-inner\">\n\t\t\t<div class=\"wpb_wrapper\">\n\t\t\t\t<div id=\"section-2-1778440542\" class=\"dt-section-head left size-large\">\r\n        <div class=\"dt-section-container\"><h1 class=\"section-main-title\" style=\"color:#35495d\">\r\n            \u0623\u062d\u062f \u0623\u0641\u0636\u0644 \u0645\u0648\u0631\u062f\u064a \u0627\u0644\u0645\u0646\u062a\u062c\u0627\u062a \u0627\u0644\u0632\u0631\u0627\u0639\u064a\u0629 \u0641\u064a \u0627\u0644\u062c\u0632\u0627\u0626\u0631!\r\n        <\/h1><\/div><\/div>\n\t<div class=\"wpb_text_column wpb_content_element  wpb_animate_when_almost_visible wpb_left-to-right left-to-right\">\n\t\t<div class=\"wpb_wrapper\">\n\t\t\t<p>\u0646\u0642\u0648\u0645 \u0628\u062a\u0648\u0631\u064a\u062f \u062c\u0645\u064a\u0639 \u0623\u0646\u0648\u0627\u0639 \u2013 \u0627\u0644\u0645\u0646\u0634\u0637\u0627\u062a \u0627\u0644\u062d\u064a\u0648\u064a\u0629 \u0648\u0627\u0644\u0623\u0633\u0645\u062f\u0629 \u0648\u0645\u0646\u062a\u062c\u0627\u062a \u0648\u0642\u0627\u064a\u0629 \u0627\u0644\u0646\u0628\u0627\u062a\u0627\u062a \u0648\u0627\u0644\u0628\u0630\u0648\u0631 \u0648\u0643\u0630\u0644\u0643 \u0627\u0644\u0623\u062f\u0648\u0627\u062a \u0648\u0627\u0644\u0645\u0639\u062f\u0627\u062a \u0627\u0644\u0632\u0631\u0627\u0639\u064a\u0629<br \/>\n.<br \/>\n\u062c\u0648\u062f\u0629 \u062c\u064a\u062f\u0629 \u0648\u0641\u0642\u064b\u0627 \u0644\u0627\u062d\u062a\u064a\u0627\u062c\u0627\u062a\u0643\u060c \u0628\u0627\u0644\u0625\u0636\u0627\u0641\u0629 \u0625\u0644\u0649 \u0627\u062e\u062a\u064a\u0627\u0631\u0627\u062a\u0643 \u0627\u0644\u062a\u064a \u062a\u062a\u0643\u064a\u0641 \u0645\u0639 \u0637\u0644\u0628 \u0627\u0644\u0642\u0637\u0627\u0639 \u0627\u0644\u0632\u0631\u0627\u0639\u064a \u0627\u0644\u0645\u062a\u0637\u0648\u0631 \u0628\u0627\u0633\u062a\u0645\u0631\u0627\u0631.<\/p>\n<p>\u062a\u062a\u0643\u0648\u0646 \u062e\u0628\u0631\u062a\u0646\u0627 \u0645\u0646 \u0627\u0644\u0628\u062d\u062b \u0639\u0646 \u0637\u0631\u0642 \u062c\u062f\u064a\u062f\u0629 \u0648\u0623\u0633\u0627\u0644\u064a\u0628 \u062c\u062f\u064a\u062f\u0629 \u0644\u0644\u062a\u0635\u0646\u064a\u0639 - \u0627\u0644\u0645\u0646\u0634\u0637\u0627\u062a \u0627\u0644\u062d\u064a\u0648\u064a\u0629 \u0648\u0627\u0644\u0623\u0633\u0645\u062f\u0629\u060c \u0648\u0643\u0630\u0644\u0643 \u0645\u0646\u062a\u062c\u0627\u062a \u0627\u0644\u0635\u062d\u0629 \u0627\u0644\u0646\u0628\u0627\u062a\u064a\u0629<br \/>\n\u062a\u0647\u062a\u0645 ECO FERTI \u0623\u064a\u0636\u064b\u0627 \u0628\u062a\u0648\u0631\u064a\u062f \u0627\u0644\u0628\u0630\u0648\u0631 \u0648\u0644\u0643\u0646 \u0623\u064a\u0636\u064b\u0627 \u0628\u0645\u062c\u0645\u0648\u0639\u0629 \u0648\u0627\u0633\u0639\u0629 \u0645\u0646 \u0627\u0644\u0623\u062f\u0648\u0627\u062a \u0648\u0627\u0644\u0645\u0639\u062f\u0627\u062a.<\/p>\n\n\t\t<\/div> \n\t<\/div> <div class=\"vc_row wpb_row vc_inner vc_row-fluid vc_custom_1547385896119 vc_column-gap-35\"><div class=\"wpb_column vc_column_container vc_col-sm-6\"><div class=\"vc_column-inner\"><div class=\"wpb_wrapper\">\n\t<div class=\"wpb_text_column wpb_content_element  wpb_animate_when_almost_visible wpb_right-to-left right-to-left\">\n\t\t<div class=\"wpb_wrapper\">\n\t\t\t<h3><span style=\"color: #35495d;\">\u0623\u0641\u0636\u0644 \u0646\u0633\u0628\u0629 \u0627\u0644\u062c\u0648\u062f\u0629\/\u0627\u0644\u0633\u0639\u0631!<\/span><\/h3>\n<p>\u064a\u0633\u062a\u0641\u064a\u062f \u0639\u0645\u0644\u0627\u0624\u0646\u0627 \u0627\u0644\u0637\u064a\u0628\u0648\u0646 \u0645\u0646 \u0623\u0641\u0636\u0644 \u0627\u0644\u0645\u0646\u062a\u062c\u0627\u062a \u0648\u0623\u0641\u0636\u0644 \u062c\u0648\u062f\u0629\u060c \u0645\u0639 \u0636\u0645\u0627\u0646 \u0623\u0641\u0636\u0644 \u0646\u0633\u0628\u0629 \u062c\u0648\u062f\u0629\/\u0633\u0639\u0631.<\/p>\n<p>.<\/p>\n\n\t\t<\/div> \n\t<\/div> \n\t<div class=\"wpb_text_column wpb_content_element  vc_custom_1547387539154\">\n\t\t<div class=\"wpb_wrapper\">\n\t\t\t<p><a href=\"https:\/\/ecoferti.dz\/ar\/presentation\/\"><span style=\"color: #f18e23;\">\u0627\u0643\u062a\u0634\u0641 \u0645\u0646\u062a\u062c\u0627\u062a\u0646\u0627<i class=\"flaticon-arrow413 dt-icon-square\"><\/i><\/span><\/a><\/p>\n\n\t\t<\/div> \n\t<\/div> <\/div><\/div><\/div><div class=\"wpb_column vc_column_container vc_col-sm-6\"><div class=\"vc_column-inner\"><div class=\"wpb_wrapper\">\n\t<div class=\"wpb_text_column wpb_content_element\">\n\t\t<div class=\"wpb_wrapper\">\n\t\t\t<h3><span style=\"color: #35495d;\">\u062e\u0628\u0631\u062a\u0646\u0627 \u0641\u064a \u062e\u062f\u0645\u062a\u0643\u0645<\/span><\/h3>\n<p class=\" translation-block\">\u062a\u0633\u0639\u0649 \u0634\u0631\u0643\u0629 <strong><em>ECO FERTI <\/em><\/strong>\u0644\u0633\u0646\u0648\u0627\u062a \u0639\u062f\u064a\u062f\u0629 \u0625\u0644\u0649 \u062a\u0642\u062f\u064a\u0645 \u0646\u0637\u0627\u0642\u0627\u062a \u0643\u0627\u0645\u0644\u0629 \u0645\u0646 <strong>\u0627\u0644\u0645\u0646\u062a\u062c\u0627\u062a \u0627\u0644\u0632\u0631\u0627\u0639\u064a\u0629<\/strong> \u0628\u0645\u062e\u062a\u0644\u0641 \u0623\u0646\u0648\u0627\u0639\u0647\u0627 <strong> <\/strong><\/p>\n\n\t\t<\/div> \n\t<\/div> \n\t<div class=\"wpb_text_column wpb_content_element  vc_custom_1547387507447 wpb_animate_when_almost_visible wpb_right-to-left right-to-left\">\n\t\t<div class=\"wpb_wrapper\">\n\t\t\t<p><a href=\"https:\/\/ecoferti.dz\/ar\/produits\/\"><span style=\"color: #f18e23;\">\u064a\u062a\u0639\u0644\u0645 \u0623\u0643\u062b\u0631 <i class=\"flaticon-arrow413 dt-icon-square\"><\/i><\/span><\/a><\/p>\n\n\t\t<\/div> \n\t<\/div> <\/div><\/div><\/div><\/div>\n\t\t\t<\/div>\n\t\t<\/div>\n\t<\/div><\/div><\/div><\/div><div class=\"box-container\"><div class=\"vc_row wpb_row vc_row-fluid vc_custom_1728245890746 not-flex\" data-speed=\"2\" data-type=\"background\" ><div class=\"inner-flex\">\n\t<div class=\"infos-gauche wpb_column vc_column_container vc_col-sm-6 vc_col-has-fill\">\n\t\t<div class=\"vc_column-inner vc_custom_1728243275059\">\n\t\t\t<div class=\"wpb_wrapper\">\n\t\t\t\t<div class=\"vc_row wpb_row vc_inner vc_row-fluid bottom-aligned\"><div class=\"equal-height wpb_column vc_column_container vc_col-sm-4\"><div class=\"vc_column-inner\"><div class=\"wpb_wrapper\"><div id=\"section-3-1778440542\" class=\"vc_custom_1728246958862 dt-section-head left size-custom\">\r\n        <div class=\"dt-section-container\"><h1 class=\"section-main-title\" style=\"color:#ffffff;font-weight:700;font-size:35px\">\r\n            +7 \u0633\u0646\u0648\u0627\u062a\r\n        <\/h1><\/div><\/div><div class=\"vc_empty_space\"   style=\"height: 15px\"><span class=\"vc_empty_space_inner\"><\/span><\/div>\n\t<div class=\"wpb_text_column wpb_content_element  vc_custom_1627337142603\">\n\t\t<div class=\"wpb_wrapper\">\n\t\t\t<h3 style=\"text-align: left;\"><span style=\"color: #ffffff;\">\u0645\u0646 \u0627\u0644\u062e\u0628\u0631\u0629<br \/>\n<\/span><\/h3>\n<div id=\"gtx-trans\" style=\"position: absolute; left: 89px; top: 43.7188px;\">\n<div class=\"gtx-trans-icon\"><\/div>\n<\/div>\n\n\t\t<\/div> \n\t<\/div> <\/div><\/div><\/div><div class=\"equal-height wpb_column vc_column_container vc_col-sm-4\"><div class=\"vc_column-inner\"><div class=\"wpb_wrapper\"><div id=\"section-4-1778440542\" class=\"vc_custom_1708631291355 dt-section-head left size-custom\">\r\n        <div class=\"dt-section-container\"><h1 class=\"section-main-title\" style=\"color:#ffffff;font-weight:700;font-size:50px\">\r\n            +100\r\n        <\/h1><\/div><\/div><div class=\"vc_empty_space\"   style=\"height: 15px\"><span class=\"vc_empty_space_inner\"><\/span><\/div>\n\t<div class=\"wpb_text_column wpb_content_element\">\n\t\t<div class=\"wpb_wrapper\">\n\t\t\t<h3 style=\"text-align: left;\"><span style=\"color: #ffffff;\">\u0632\u0628\u0648\u0646<\/span><\/h3>\n\n\t\t<\/div> \n\t<\/div> <\/div><\/div><\/div><div class=\"equal-height wpb_column vc_column_container vc_col-sm-4\"><div class=\"vc_column-inner\"><div class=\"wpb_wrapper\"><div id=\"section-5-1778440542\" class=\"vc_custom_1708631304875 dt-section-head left size-custom\">\r\n        <div class=\"dt-section-container\"><h1 class=\"section-main-title\" style=\"color:#ffffff;font-weight:700;font-size:50px\">\r\n            +5.000\r\n        <\/h1><\/div><\/div><div class=\"vc_empty_space\"   style=\"height: 15px\"><span class=\"vc_empty_space_inner\"><\/span><\/div>\n\t<div class=\"wpb_text_column wpb_content_element\">\n\t\t<div class=\"wpb_wrapper\">\n\t\t\t<h3 style=\"text-align: left; color: #fff;\">\u0645\u0646\u062a\u062c\u0627\u062a \u0645\u0628\u0627\u0639\u0629<\/h3>\n<div id=\"gtx-trans\" style=\"position: absolute; left: 120px; top: 43.7188px;\">\n<div class=\"gtx-trans-icon\"><\/div>\n<\/div>\n\n\t\t<\/div> \n\t<\/div> <\/div><\/div><\/div><\/div><div class=\"vc_separator wpb_content_element vc_separator_align_center vc_sep_width_100 vc_sep_pos_align_center vc_separator_no_text wpb_content_element  wpb_content_element\" ><span class=\"vc_sep_holder vc_sep_holder_l\"><span style=\"border-color:#15253f;\" class=\"vc_sep_line\"><\/span><\/span><span class=\"vc_sep_holder vc_sep_holder_r\"><span style=\"border-color:#15253f;\" class=\"vc_sep_line\"><\/span><\/span>\n<\/div>\n\t<div class=\"wpb_text_column wpb_content_element  wpb_animate_when_almost_visible wpb_appear appear\">\n\t\t<div class=\"wpb_wrapper\">\n\t\t\t<h3 class=\"LC20lb\" style=\"color: #ffffff; text-shadow: 2px 4px 0 brown;\"><span style=\"color: #ffffff;\"><strong>\u0644\u0645\u0627\u0630\u0627 \u0625\u064a\u0643\u0648 \u0641\u064a\u0631\u062a\u064a\u061f<\/strong><\/span><\/h3>\n<p style=\"color: #ffffff;\" class=\" translation-block\"><span style=\"color: #ffffff\">\u0627\u062e\u062a\u064a\u0627\u0631 <em><strong>ECO FERTI\u060c <\/strong><\/em>\u064a\u0639\u0646\u064a \u0627\u062e\u062a\u064a\u0627\u0631 \u0627\u0644\u062c\u0648\u062f\u0629 \u0627\u0644\u062c\u064a\u062f\u0629 \u0648\u0627\u0644\u0645\u0648\u062b\u0648\u0642\u064a\u0629 \u0627\u0644\u0645\u062b\u0628\u062a\u0629 \u0648\u062e\u0628\u0631\u062a\u0646\u0627 \u0627\u0644\u0634\u062e\u0635\u064a\u0629.<br>\n\u0646\u062d\u0646 \u0646\u0642\u062f\u0645 \u062d\u0644\u0648\u0644\u0627\u064b \u0645\u0635\u0645\u0645\u0629 \u062e\u0635\u064a\u0635\u064b\u0627 \u0648\u0645\u0633\u062a\u062f\u0627\u0645\u0629 \u0644\u0627\u062d\u062a\u064a\u0627\u062c\u0627\u062a\u0643 \u0627\u0644\u0632\u0631\u0627\u0639\u064a\u0629. \u0627\u062e\u062a\u0631 \u0627\u0644\u062a\u0632\u0627\u0645\u0646\u0627 \u0628\u062a\u0632\u0648\u064a\u062f\u0643 \u0628\u0645\u0646\u062a\u062c\u0627\u062a \u0627\u0633\u062a\u062b\u0646\u0627\u0626\u064a\u0629\u060c \u0645\u0639 \u062a\u0639\u0632\u064a\u0632 \u0627\u0644\u0643\u0641\u0627\u0621\u0629.<\/span><\/p>\n\n\t\t<\/div> \n\t<\/div> \n\t<div class=\"wpb_text_column wpb_content_element  wpb_animate_when_almost_visible wpb_appear appear\">\n\t\t<div class=\"wpb_wrapper\">\n\t\t\t<p style=\"text-align: right;\"><a href=\"\/ar\/lab\/presentation\/\" class=\"btn btn-default btn-ghost skin-light\" target=\"_self\">\u0627\u0644\u0645\u0632\u064a\u062f<\/a><\/p>\n\n\t\t<\/div> \n\t<\/div> \n\t\t\t<\/div>\n\t\t<\/div>\n\t<\/div>\n\t<div class=\"wpb_column vc_column_container vc_col-sm-6\">\n\t\t<div class=\"vc_column-inner\">\n\t\t\t<div class=\"wpb_wrapper\">\n\t\t\t\t\n\t\t\t<\/div>\n\t\t<\/div>\n\t<\/div><\/div><\/div><\/div>\n<\/div>","protected":false},"excerpt":{"rendered":"Importation &amp; Fabrication des produits \u00e0 usage agricole SARL ECO FERTI vous invite \u00e0 d\u00e9couvrir une gamme vari\u00e9e de Biostimulants et engrais, Produits phytosanitaires, Semences, Ainsi que Outillages et \u00e9quipements Agricoles, Divers produits et types vous seront propos\u00e9s avec le meilleur rapport Qualit\u00e9\/Prix sur le march\u00e9. L'un des meilleurs fournisseurs de produits agricoles en Alg\u00e9rie&hellip;","protected":false},"author":1,"featured_media":0,"parent":0,"menu_order":0,"comment_status":"open","ping_status":"closed","template":"fullwidth.php","meta":{"footnotes":""},"class_list":["post-1000306","page","type-page","status-publish","hentry"],"_links":{"self":[{"href":"https:\/\/ecoferti.dz\/ar\/wp-json\/wp\/v2\/pages\/1000306"}],"collection":[{"href":"https:\/\/ecoferti.dz\/ar\/wp-json\/wp\/v2\/pages"}],"about":[{"href":"https:\/\/ecoferti.dz\/ar\/wp-json\/wp\/v2\/types\/page"}],"author":[{"embeddable":true,"href":"https:\/\/ecoferti.dz\/ar\/wp-json\/wp\/v2\/users\/1"}],"replies":[{"embeddable":true,"href":"https:\/\/ecoferti.dz\/ar\/wp-json\/wp\/v2\/comments?post=1000306"}],"version-history":[{"count":26,"href":"https:\/\/ecoferti.dz\/ar\/wp-json\/wp\/v2\/pages\/1000306\/revisions"}],"predecessor-version":[{"id":1001491,"href":"https:\/\/ecoferti.dz\/ar\/wp-json\/wp\/v2\/pages\/1000306\/revisions\/1001491"}],"wp:attachment":[{"href":"https:\/\/ecoferti.dz\/ar\/wp-json\/wp\/v2\/media?parent=1000306"}],"curies":[{"name":"wp","href":"https:\/\/api.w.org\/{rel}","templated":true}]}}